{"id":212,"date":"2025-10-02T18:31:47","date_gmt":"2025-10-02T18:31:47","guid":{"rendered":"https:\/\/pedrogaraupsicologia.com\/?page_id=212"},"modified":"2025-11-26T13:25:22","modified_gmt":"2025-11-26T13:25:22","slug":"sobre-mi","status":"publish","type":"page","link":"https:\/\/pedrogaraupsicologia.com\/ca\/sobre-mi\/","title":{"rendered":"Sobre mi"},"content":{"rendered":"\t\t<div data-elementor-type=\"wp-page\" data-elementor-id=\"212\" class=\"elementor elementor-212\" data-elementor-post-type=\"page\">\n\t\t\t\t<div class=\"elementor-element elementor-element-25aa9a05 e-flex e-con-boxed e-con e-parent\" data-id=\"25aa9a05\" data-element_type=\"container\" data-e-type=\"container\" data-settings=\"{&quot;background_background&quot;:&quot;classic&quot;}\">\n\t\t\t\t\t<div class=\"e-con-inner\">\n\t\t<div class=\"elementor-element elementor-element-6a759a49 e-con-full e-flex e-con e-child\" data-id=\"6a759a49\" data-element_type=\"container\" data-e-type=\"container\">\n\t\t\t\t<div class=\"elementor-element elementor-element-39542681 elementor-widget elementor-widget-heading\" data-id=\"39542681\" data-element_type=\"widget\" data-e-type=\"widget\" data-widget_type=\"heading.default\">\n\t\t\t\t\t<h1 class=\"elementor-heading-title elementor-size-default\">Sobre mi<\/h1>\t\t\t\t<\/div>\n\t\t\t\t<\/div>\n\t\t\t\t\t<\/div>\n\t\t\t\t<\/div>\n\t\t<div class=\"elementor-element elementor-element-213f5afe e-flex e-con-boxed e-con e-parent\" data-id=\"213f5afe\" data-element_type=\"container\" data-e-type=\"container\" data-settings=\"{&quot;background_background&quot;:&quot;classic&quot;}\">\n\t\t\t\t\t<div class=\"e-con-inner\">\n\t\t<div class=\"elementor-element elementor-element-3a2b602e e-con-full e-flex e-con e-child\" data-id=\"3a2b602e\" data-element_type=\"container\" data-e-type=\"container\">\n\t\t\t\t<div class=\"elementor-element elementor-element-296eaf5 elementor-widget elementor-widget-image\" data-id=\"296eaf5\" data-element_type=\"widget\" data-e-type=\"widget\" data-widget_type=\"image.default\">\n\t\t\t\t\t\t\t\t\t\t\t\t\t\t\t<img fetchpriority=\"high\" decoding=\"async\" width=\"800\" height=\"600\" src=\"https:\/\/pedrogaraupsicologia.com\/wp-content\/uploads\/2025\/10\/WhatsApp-Image-2025-10-07-at-08.20.42.jpeg\" class=\"attachment-large size-large wp-image-807\" alt=\"Pedro Garau Psic\u00f3logo\" srcset=\"https:\/\/pedrogaraupsicologia.com\/wp-content\/uploads\/2025\/10\/WhatsApp-Image-2025-10-07-at-08.20.42.jpeg 1024w, https:\/\/pedrogaraupsicologia.com\/wp-content\/uploads\/2025\/10\/WhatsApp-Image-2025-10-07-at-08.20.42-300x225.jpeg 300w, https:\/\/pedrogaraupsicologia.com\/wp-content\/uploads\/2025\/10\/WhatsApp-Image-2025-10-07-at-08.20.42-768x576.jpeg 768w\" sizes=\"(max-width: 800px) 100vw, 800px\" \/>\t\t\t\t\t\t\t\t\t\t\t\t\t\t\t<\/div>\n\t\t\t\t<div class=\"elementor-element elementor-element-b53343b elementor-widget elementor-widget-heading\" data-id=\"b53343b\" data-element_type=\"widget\" data-e-type=\"widget\" data-widget_type=\"heading.default\">\n\t\t\t\t\t<h3 class=\"elementor-heading-title elementor-size-default\">Me puedes encontrar en<\/h3>\t\t\t\t<\/div>\n\t\t<div class=\"elementor-element elementor-element-4844bfa e-grid e-con-full e-con e-child\" data-id=\"4844bfa\" data-element_type=\"container\" data-e-type=\"container\">\n\t\t\t\t<div class=\"elementor-element elementor-element-419a399 e-transform elementor-widget elementor-widget-image\" data-id=\"419a399\" data-element_type=\"widget\" data-e-type=\"widget\" data-settings=\"{&quot;_transform_translateY_effect_hover&quot;:{&quot;unit&quot;:&quot;px&quot;,&quot;size&quot;:-4,&quot;sizes&quot;:[]},&quot;_transform_translateX_effect_hover&quot;:{&quot;unit&quot;:&quot;px&quot;,&quot;size&quot;:&quot;&quot;,&quot;sizes&quot;:[]},&quot;_transform_translateX_effect_hover_laptop&quot;:{&quot;unit&quot;:&quot;px&quot;,&quot;size&quot;:&quot;&quot;,&quot;sizes&quot;:[]},&quot;_transform_translateX_effect_hover_tablet&quot;:{&quot;unit&quot;:&quot;px&quot;,&quot;size&quot;:&quot;&quot;,&quot;sizes&quot;:[]},&quot;_transform_translateX_effect_hover_mobile&quot;:{&quot;unit&quot;:&quot;px&quot;,&quot;size&quot;:&quot;&quot;,&quot;sizes&quot;:[]},&quot;_transform_translateY_effect_hover_laptop&quot;:{&quot;unit&quot;:&quot;px&quot;,&quot;size&quot;:&quot;&quot;,&quot;sizes&quot;:[]},&quot;_transform_translateY_effect_hover_tablet&quot;:{&quot;unit&quot;:&quot;px&quot;,&quot;size&quot;:&quot;&quot;,&quot;sizes&quot;:[]},&quot;_transform_translateY_effect_hover_mobile&quot;:{&quot;unit&quot;:&quot;px&quot;,&quot;size&quot;:&quot;&quot;,&quot;sizes&quot;:[]}}\" data-widget_type=\"image.default\">\n\t\t\t\t\t\t\t\t\t\t\t\t\t\t\t\t<a href=\"https:\/\/www.mundopsicologos.com\/centros\/pedro-jacinto-garau-perez\" target=\"_blank\" rel=\"noopener\">\n\t\t\t\t\t\t\t<img decoding=\"async\" width=\"200\" height=\"69\" src=\"https:\/\/pedrogaraupsicologia.com\/wp-content\/uploads\/2025\/10\/logo_color.svg\" class=\"attachment-large size-large wp-image-630\" alt=\"\" \/>\t\t\t\t\t\t\t\t<\/a>\n\t\t\t\t\t\t\t\t\t\t\t\t\t\t\t<\/div>\n\t\t\t\t<div class=\"elementor-element elementor-element-9eaa9b3 e-transform elementor-widget elementor-widget-image\" data-id=\"9eaa9b3\" data-element_type=\"widget\" data-e-type=\"widget\" data-settings=\"{&quot;_transform_translateY_effect_hover&quot;:{&quot;unit&quot;:&quot;px&quot;,&quot;size&quot;:-4,&quot;sizes&quot;:[]},&quot;_transform_translateX_effect_hover&quot;:{&quot;unit&quot;:&quot;px&quot;,&quot;size&quot;:&quot;&quot;,&quot;sizes&quot;:[]},&quot;_transform_translateX_effect_hover_laptop&quot;:{&quot;unit&quot;:&quot;px&quot;,&quot;size&quot;:&quot;&quot;,&quot;sizes&quot;:[]},&quot;_transform_translateX_effect_hover_tablet&quot;:{&quot;unit&quot;:&quot;px&quot;,&quot;size&quot;:&quot;&quot;,&quot;sizes&quot;:[]},&quot;_transform_translateX_effect_hover_mobile&quot;:{&quot;unit&quot;:&quot;px&quot;,&quot;size&quot;:&quot;&quot;,&quot;sizes&quot;:[]},&quot;_transform_translateY_effect_hover_laptop&quot;:{&quot;unit&quot;:&quot;px&quot;,&quot;size&quot;:&quot;&quot;,&quot;sizes&quot;:[]},&quot;_transform_translateY_effect_hover_tablet&quot;:{&quot;unit&quot;:&quot;px&quot;,&quot;size&quot;:&quot;&quot;,&quot;sizes&quot;:[]},&quot;_transform_translateY_effect_hover_mobile&quot;:{&quot;unit&quot;:&quot;px&quot;,&quot;size&quot;:&quot;&quot;,&quot;sizes&quot;:[]}}\" data-widget_type=\"image.default\">\n\t\t\t\t\t\t\t\t\t\t\t\t\t\t\t\t<a href=\"https:\/\/www.doctoralia.es\/pedro-j-garau-perez\/psicologo\/palma-de-mallorca\" target=\"_blank\" rel=\"noopener\">\n\t\t\t\t\t\t\t<img decoding=\"async\" width=\"4410\" height=\"800\" src=\"https:\/\/pedrogaraupsicologia.com\/wp-content\/uploads\/2025\/10\/Logo_secundario.svg\" class=\"attachment-full size-full wp-image-638\" alt=\"\" \/>\t\t\t\t\t\t\t\t<\/a>\n\t\t\t\t\t\t\t\t\t\t\t\t\t\t\t<\/div>\n\t\t\t\t<\/div>\n\t\t\t\t<\/div>\n\t\t<div class=\"elementor-element elementor-element-16fac1c8 e-con-full e-flex e-con e-child\" data-id=\"16fac1c8\" data-element_type=\"container\" data-e-type=\"container\">\n\t\t\t\t<div class=\"elementor-element elementor-element-5dc841c9 elementor-widget elementor-widget-rkit_advanced_heading\" data-id=\"5dc841c9\" data-element_type=\"widget\" data-e-type=\"widget\" data-widget_type=\"rkit_advanced_heading.default\">\n\t\t\t\t<div class=\"elementor-widget-container\">\n\t\t\t\t\t<div class=\"rkit-advanced-heading-wrapper\" ><h1 class=\"rkit-advanced-heading\"><span class=\"text-container\"><span class=\"text\">La historia detr\u00e1s de mi consulta<\/span><\/span><\/h1><\/div>\t\t\t\t<\/div>\n\t\t\t\t<\/div>\n\t\t\t\t<div class=\"elementor-element elementor-element-c274484 elementor-widget elementor-widget-text-editor\" data-id=\"c274484\" data-element_type=\"widget\" data-e-type=\"widget\" data-widget_type=\"text-editor.default\">\n\t\t\t\t\t\t\t\t\t<p data-start=\"204\" data-end=\"475\">Soy <strong data-start=\"208\" data-end=\"223\">Pedro Garau<\/strong>, psic\u00f3logo en Palma de Mallorca (Colegiado B-03701), y estoy aqu\u00ed para acompa\u00f1arte en los momentos en los que m\u00e1s lo necesitas. Mi manera de trabajar se basa en la cercan\u00eda, la confianza y la comprensi\u00f3n, siempre adapt\u00e1ndome a tu situaci\u00f3n personal.<\/p><p data-start=\"477\" data-end=\"852\">Mi camino hacia la psicolog\u00eda no ha sido el habitual. Antes de dedicarme plenamente a esta profesi\u00f3n estudi\u00e9 Administraci\u00f3n y Direcci\u00f3n de Empresas e hice un m\u00e1ster internacional en gesti\u00f3n y liderazgo. Durante a\u00f1os ocup\u00e9 puestos de gerente en distintas empresas, una experiencia que me aport\u00f3 una visi\u00f3n pr\u00e1ctica y realista de los retos de la vida cotidiana y profesional.<\/p><p data-start=\"854\" data-end=\"1195\">Con el tiempo decid\u00ed dar un paso m\u00e1s hacia lo que realmente me apasionaba: <strong data-start=\"929\" data-end=\"980\">ayudar a las personas a trav\u00e9s de la psicolog\u00eda<\/strong>. Me licenci\u00e9 en esta disciplina y sigo form\u00e1ndome en diferentes especialidades y postgrados, porque creo que nunca se deja de aprender y siempre hay nuevas herramientas que pueden marcar la diferencia en terapia.<\/p>\t\t\t\t\t\t\t\t<\/div>\n\t\t\t\t<div class=\"elementor-element elementor-element-76bb50d1 elementor-tablet-align-center elementor-widget elementor-widget-button\" data-id=\"76bb50d1\" data-element_type=\"widget\" data-e-type=\"widget\" data-widget_type=\"button.default\">\n\t\t\t\t\t\t\t\t\t\t<a class=\"elementor-button elementor-button-link elementor-size-sm\" href=\"https:\/\/pedrogaraupsicologia.com\/ca\/contacto\/\">\n\t\t\t\t\t\t<span class=\"elementor-button-content-wrapper\">\n\t\t\t\t\t\t<span class=\"elementor-button-icon\">\n\t\t\t\t<i aria-hidden=\"true\" class=\"rtmicon rtmicon-arrow-up-right\"><\/i>\t\t\t<\/span>\n\t\t\t\t\t\t\t\t\t<span class=\"elementor-button-text\">\u00bfHablamos?<\/span>\n\t\t\t\t\t<\/span>\n\t\t\t\t\t<\/a>\n\t\t\t\t\t\t\t\t<\/div>\n\t\t\t\t<\/div>\n\t\t\t\t\t<\/div>\n\t\t\t\t<\/div>\n\t\t<div class=\"elementor-element elementor-element-7e7c241 e-flex e-con-boxed e-con e-parent\" data-id=\"7e7c241\" data-element_type=\"container\" data-e-type=\"container\">\n\t\t\t\t\t<div class=\"e-con-inner\">\n\t\t\t\t<div class=\"elementor-element elementor-element-b1fdd6d elementor-widget elementor-widget-heading\" data-id=\"b1fdd6d\" data-element_type=\"widget\" data-e-type=\"widget\" data-widget_type=\"heading.default\">\n\t\t\t\t\t<h2 class=\"elementor-heading-title elementor-size-default\">Conoce un poco m\u00e1s sobre mi<\/h2>\t\t\t\t<\/div>\n\t\t\t\t<div class=\"elementor-element elementor-element-26f5bef elementor-widget elementor-widget-text-editor\" data-id=\"26f5bef\" data-element_type=\"widget\" data-e-type=\"widget\" data-widget_type=\"text-editor.default\">\n\t\t\t\t\t\t\t\t\t<p>\u00bfHas hecho alg\u00fan test de personalidad? Yo he hecho varios, por probar, y \u00bfsabes qu\u00e9? En todos ellos sale lo mismo, soy muy<strong> curioso <\/strong>y<strong> tiendo a obsesionarme con las cosas que me importan<\/strong>; en parte ya lo sab\u00eda, mis familiares me lo dicen siempre, necesito entender qu\u00e9 pasa, por qu\u00e9 pasa y c\u00f3mo podemos cambiarlo. Como mi enfoque terap\u00e9utico es breve y centrado en las emociones esta forma de ser nos viene \u201cque ni pintada\u201d. Ese soy yo como terapeuta, <strong>alguien en quien poder confiar<\/strong> para <strong>juntos explorar a fondo tus problemas, su origen, su funcionamiento, c\u00f3mo solucionarlos y seguir adelante<\/strong>, alguien que, como t\u00fa, <strong>quiere ayudarte<\/strong>, que <strong>te comprende<\/strong>, alguien que necesita respuestas y quiere <strong>acompa\u00f1arte hasta el fin del mundo para conseguirlas<\/strong>.<\/p><p>Como ya habr\u00e1s le\u00eddo m\u00e1s arriba, mi nombre es Pedro Garau. A los 13 a\u00f1os ya trabajaba en la empresa familiar, una pyme que he codirigido durante a\u00f1os tras estudiar Administraci\u00f3n y Direcci\u00f3n de Empresas y un M\u00e1ster (MBA) en una de esas prestigiosas universidades pijas privadas. Sigo manteniendo esta vertiente, esto me permite relacionarme con mucha gente, conocer a fondo el mundo del trabajo, la presi\u00f3n, la responsabilidad, la gesti\u00f3n de equipos, las decisiones dif\u00edciles\u2026 y tambi\u00e9n la soledad y la ansiedad que muchas veces conlleva tener que sostener tanto.<\/p><p>Con el tiempo me di cuenta de que, aunque disfrutaba, me faltaba algo. Es de esos momentos en los que sientes que algo tiene que cambiar en tu vida (por cierto, esto es precisamente lo que trabajamos en terapia, estos sentimientos que nos est\u00e1n chillando que algo tiene que cambiar). Sent\u00eda que <strong>mi vocaci\u00f3n no estaba solo en ser empresario, quer\u00eda mejorar a un nivel m\u00e1s humano y acompa\u00f1ar a otras personas que, como yo, tienen sus dificultades, su sufrimiento y sus problemas<\/strong>. Por eso decid\u00ed volver a estudiar, siempre me ha gustado leer y formarme, soy un poco obsesivo, ya sabes. Primero como Psic\u00f3logo y despu\u00e9s como Psic\u00f3logo General Sanitario. Como me \u201cflipo y me flipa\u201d la psicolog\u00eda me dieron el premio a mejor estudiante, no es para alardear, que tambi\u00e9n un poco, sino para que entiendas que cuando algo me interesa, y tus problemas y tu vida me interesan, me vuelco en ayudarte y acompa\u00f1arte (me dicen que \u201chiperfocalizo\u201d, me gusta esa expresi\u00f3n).<\/p><p>Si no te aburro, te cuento dos cositas de mi vida m\u00e1s personal. Estoy <strong>casado con una mujer maravillosa<\/strong> desde hace unos 20 a\u00f1os, tengo <strong>dos hijos<\/strong> <strong>y una hija <\/strong>a los que quiero con locura. Intento ser buen marido y buen \u201cpapi\u201d (as\u00ed me llaman y me encanta), pero no te voy a enga\u00f1ar, no siempre lo consigo.<\/p><p>S\u00e9 lo que es vivir con miedo, con contradicciones, con bloqueos. He pasado por procesos terap\u00e9uticos personales. Eso me permite hablar desde la experiencia, no desde la distancia y empatizar contigo.<\/p><p>Hoy ejerzo de terapeuta con una mirada emp\u00e1tica. Trabajo desde <strong>Terapia Breve Centrada en las Emociones<\/strong> <strong>y el Apego<\/strong>. Te ofrezco <strong>un espacio para ti, s\u00f3lo para ti, tu lugar seguro, donde tomarnos un caf\u00e9, poder explorar y atravesar nuestros miedos y dificultades, juntos, con calma, sin juicios.<\/strong><\/p>\t\t\t\t\t\t\t\t<\/div>\n\t\t\t\t<div class=\"elementor-element elementor-element-e37f8f8 elementor-tablet-align-center elementor-align-center elementor-widget elementor-widget-button\" data-id=\"e37f8f8\" data-element_type=\"widget\" data-e-type=\"widget\" data-widget_type=\"button.default\">\n\t\t\t\t\t\t\t\t\t\t<a class=\"elementor-button elementor-button-link elementor-size-sm\" href=\"https:\/\/pedrogaraupsicologia.com\/ca\/contacto\/\">\n\t\t\t\t\t\t<span class=\"elementor-button-content-wrapper\">\n\t\t\t\t\t\t<span class=\"elementor-button-icon\">\n\t\t\t\t<i aria-hidden=\"true\" class=\"rtmicon rtmicon-arrow-up-right\"><\/i>\t\t\t<\/span>\n\t\t\t\t\t\t\t\t\t<span class=\"elementor-button-text\">\u00bfHablamos?<\/span>\n\t\t\t\t\t<\/span>\n\t\t\t\t\t<\/a>\n\t\t\t\t\t\t\t\t<\/div>\n\t\t\t\t\t<\/div>\n\t\t\t\t<\/div>\n\t\t<div class=\"elementor-element elementor-element-fc64089 e-grid e-con-boxed e-con e-parent\" data-id=\"fc64089\" data-element_type=\"container\" data-e-type=\"container\" id=\"nubes\" data-settings=\"{&quot;background_background&quot;:&quot;classic&quot;,&quot;background_motion_fx_motion_fx_scrolling&quot;:&quot;yes&quot;,&quot;background_motion_fx_translateX_effect&quot;:&quot;yes&quot;,&quot;background_motion_fx_translateX_speed&quot;:{&quot;unit&quot;:&quot;px&quot;,&quot;size&quot;:4,&quot;sizes&quot;:[]},&quot;background_motion_fx_translateX_affectedRange&quot;:{&quot;unit&quot;:&quot;%&quot;,&quot;size&quot;:&quot;&quot;,&quot;sizes&quot;:{&quot;start&quot;:0,&quot;end&quot;:100}},&quot;background_motion_fx_devices&quot;:[&quot;desktop&quot;,&quot;laptop&quot;,&quot;tablet&quot;,&quot;mobile&quot;]}\">\n\t\t\t\t\t<div class=\"e-con-inner\">\n\t\t<div class=\"elementor-element elementor-element-c09c97e e-con-full e-flex elementor-invisible e-con e-child\" data-id=\"c09c97e\" data-element_type=\"container\" data-e-type=\"container\" data-settings=\"{&quot;background_background&quot;:&quot;classic&quot;,&quot;animation&quot;:&quot;fadeIn&quot;,&quot;animation_delay&quot;:300}\">\n\t\t\t\t<div class=\"elementor-element elementor-element-532d50b elementor-view-stacked elementor-position-inline-start elementor-shape-circle elementor-mobile-position-block-start elementor-widget elementor-widget-icon-box\" data-id=\"532d50b\" data-element_type=\"widget\" data-e-type=\"widget\" data-widget_type=\"icon-box.default\">\n\t\t\t\t\t\t\t<div class=\"elementor-icon-box-wrapper\">\n\n\t\t\t\t\t\t<div class=\"elementor-icon-box-icon\">\n\t\t\t\t<span  class=\"elementor-icon\">\n\t\t\t\t<i aria-hidden=\"true\" class=\"rtmicon-thin rtmicon-heart-care\"><\/i>\t\t\t\t<\/span>\n\t\t\t<\/div>\n\t\t\t\n\t\t\t\t\t\t<div class=\"elementor-icon-box-content\">\n\n\t\t\t\t\t\t\t\t\t<h3 class=\"elementor-icon-box-title\">\n\t\t\t\t\t\t<span  >\n\t\t\t\t\t\t\tAcompa\u00f1amiento emocional real\t\t\t\t\t\t<\/span>\n\t\t\t\t\t<\/h3>\n\t\t\t\t\n\t\t\t\t\n\t\t\t<\/div>\n\t\t\t\n\t\t<\/div>\n\t\t\t\t\t\t<\/div>\n\t\t\t\t<div class=\"elementor-element elementor-element-ac91067 elementor-widget elementor-widget-text-editor\" data-id=\"ac91067\" data-element_type=\"widget\" data-e-type=\"widget\" data-widget_type=\"text-editor.default\">\n\t\t\t\t\t\t\t\t\tAyudo a personas que sienten que ya no pueden m\u00e1s, ofreci\u00e9ndoles escucha, comprensi\u00f3n y apoyo para seguir adelante.\t\t\t\t\t\t\t\t<\/div>\n\t\t\t\t<\/div>\n\t\t<div class=\"elementor-element elementor-element-baa2ca2 e-con-full e-flex elementor-invisible e-con e-child\" data-id=\"baa2ca2\" data-element_type=\"container\" data-e-type=\"container\" data-settings=\"{&quot;background_background&quot;:&quot;classic&quot;,&quot;animation&quot;:&quot;fadeIn&quot;,&quot;animation_delay&quot;:300}\">\n\t\t\t\t<div class=\"elementor-element elementor-element-ff9e9ee elementor-view-stacked elementor-position-inline-start elementor-shape-circle elementor-mobile-position-block-start elementor-widget elementor-widget-icon-box\" data-id=\"ff9e9ee\" data-element_type=\"widget\" data-e-type=\"widget\" data-widget_type=\"icon-box.default\">\n\t\t\t\t\t\t\t<div class=\"elementor-icon-box-wrapper\">\n\n\t\t\t\t\t\t<div class=\"elementor-icon-box-icon\">\n\t\t\t\t<span  class=\"elementor-icon\">\n\t\t\t\t<i aria-hidden=\"true\" class=\"rtmicon-thin rtmicon-involved\"><\/i>\t\t\t\t<\/span>\n\t\t\t<\/div>\n\t\t\t\n\t\t\t\t\t\t<div class=\"elementor-icon-box-content\">\n\n\t\t\t\t\t\t\t\t\t<h3 class=\"elementor-icon-box-title\">\n\t\t\t\t\t\t<span  >\n\t\t\t\t\t\t\tPsicolog\u00eda desde la cercan\u00eda\t\t\t\t\t\t<\/span>\n\t\t\t\t\t<\/h3>\n\t\t\t\t\n\t\t\t\t\n\t\t\t<\/div>\n\t\t\t\n\t\t<\/div>\n\t\t\t\t\t\t<\/div>\n\t\t\t\t<div class=\"elementor-element elementor-element-9afa7bb elementor-widget elementor-widget-text-editor\" data-id=\"9afa7bb\" data-element_type=\"widget\" data-e-type=\"widget\" data-widget_type=\"text-editor.default\">\n\t\t\t\t\t\t\t\t\tTrabajo desde la empat\u00eda y la conexi\u00f3n humana, acompa\u00f1ando procesos de dolor profundo y crisis personales.\t\t\t\t\t\t\t\t<\/div>\n\t\t\t\t<div class=\"elementor-element elementor-element-3164e57 elementor-widget elementor-widget-html\" data-id=\"3164e57\" data-element_type=\"widget\" data-e-type=\"widget\" data-widget_type=\"html.default\">\n\t\t\t\t\t<script>\r\nVANTA.CLOUDS2({\r\n  el: \"#nubes\",\r\n  mouseControls: true,\r\n  touchControls: true,\r\n  gyroControls: false,\r\n  minHeight: 200.00,\r\n  minWidth: 200.00,\r\n  scale: 1.00,\r\n  texturePath: \"https:\/\/pedrogaraupsicologia.com\/wp-content\/uploads\/2025\/10\/noise.png\"\r\n})\r\n<\/script>\t\t\t\t<\/div>\n\t\t\t\t<\/div>\n\t\t<div class=\"elementor-element elementor-element-f59be46 e-con-full e-flex elementor-invisible e-con e-child\" data-id=\"f59be46\" data-element_type=\"container\" data-e-type=\"container\" data-settings=\"{&quot;background_background&quot;:&quot;classic&quot;,&quot;animation&quot;:&quot;fadeIn&quot;,&quot;animation_delay&quot;:300}\">\n\t\t\t\t<div class=\"elementor-element elementor-element-1e5f0e5 elementor-view-stacked elementor-position-inline-start elementor-shape-circle elementor-mobile-position-block-start elementor-widget elementor-widget-icon-box\" data-id=\"1e5f0e5\" data-element_type=\"widget\" data-e-type=\"widget\" data-widget_type=\"icon-box.default\">\n\t\t\t\t\t\t\t<div class=\"elementor-icon-box-wrapper\">\n\n\t\t\t\t\t\t<div class=\"elementor-icon-box-icon\">\n\t\t\t\t<span  class=\"elementor-icon\">\n\t\t\t\t<i aria-hidden=\"true\" class=\"icon icon-heart11\"><\/i>\t\t\t\t<\/span>\n\t\t\t<\/div>\n\t\t\t\n\t\t\t\t\t\t<div class=\"elementor-icon-box-content\">\n\n\t\t\t\t\t\t\t\t\t<h3 class=\"elementor-icon-box-title\">\n\t\t\t\t\t\t<span  >\n\t\t\t\t\t\t\tRecuperar las ganas de vivir\t\t\t\t\t\t<\/span>\n\t\t\t\t\t<\/h3>\n\t\t\t\t\n\t\t\t\t\n\t\t\t<\/div>\n\t\t\t\n\t\t<\/div>\n\t\t\t\t\t\t<\/div>\n\t\t\t\t<div class=\"elementor-element elementor-element-e52c841 elementor-widget elementor-widget-text-editor\" data-id=\"e52c841\" data-element_type=\"widget\" data-e-type=\"widget\" data-widget_type=\"text-editor.default\">\n\t\t\t\t\t\t\t\t\tMi misi\u00f3n como psic\u00f3logo en Palma de Mallorca es ayudar a quienes est\u00e1n al l\u00edmite a encontrar una nueva esperanza.\t\t\t\t\t\t\t\t<\/div>\n\t\t\t\t<\/div>\n\t\t\t\t\t<\/div>\n\t\t\t\t<\/div>\n\t\t<div class=\"elementor-element elementor-element-ff6d12e e-flex e-con-boxed e-con e-parent\" data-id=\"ff6d12e\" data-element_type=\"container\" data-e-type=\"container\">\n\t\t\t\t\t<div class=\"e-con-inner\">\n\t\t\t\t<div class=\"elementor-element elementor-element-74654b2 elementor-widget elementor-widget-image\" data-id=\"74654b2\" data-element_type=\"widget\" data-e-type=\"widget\" data-widget_type=\"image.default\">\n\t\t\t\t\t\t\t\t\t\t\t\t\t\t\t<img loading=\"lazy\" decoding=\"async\" width=\"800\" height=\"534\" src=\"https:\/\/pedrogaraupsicologia.com\/wp-content\/uploads\/2025\/10\/espacio-pedro3-1024x683.jpg\" class=\"attachment-large size-large wp-image-197\" alt=\"\" srcset=\"https:\/\/pedrogaraupsicologia.com\/wp-content\/uploads\/2025\/10\/espacio-pedro3-1024x683.jpg 1024w, https:\/\/pedrogaraupsicologia.com\/wp-content\/uploads\/2025\/10\/espacio-pedro3-300x200.jpg 300w, https:\/\/pedrogaraupsicologia.com\/wp-content\/uploads\/2025\/10\/espacio-pedro3-768x512.jpg 768w, https:\/\/pedrogaraupsicologia.com\/wp-content\/uploads\/2025\/10\/espacio-pedro3.jpg 1200w\" sizes=\"(max-width: 800px) 100vw, 800px\" \/>\t\t\t\t\t\t\t\t\t\t\t\t\t\t\t<\/div>\n\t\t<div class=\"elementor-element elementor-element-3a03a09 e-con-full e-flex e-con e-child\" data-id=\"3a03a09\" data-element_type=\"container\" data-e-type=\"container\" data-settings=\"{&quot;background_background&quot;:&quot;classic&quot;}\">\n\t\t\t\t<div class=\"elementor-element elementor-element-c4279cd elementor-widget elementor-widget-heading\" data-id=\"c4279cd\" data-element_type=\"widget\" data-e-type=\"widget\" data-widget_type=\"heading.default\">\n\t\t\t\t\t<h2 class=\"elementor-heading-title elementor-size-default\">Mi espacio<\/h2>\t\t\t\t<\/div>\n\t\t\t\t<div class=\"elementor-element elementor-element-697df83 elementor-widget-divider--view-line elementor-widget elementor-widget-divider\" data-id=\"697df83\" data-element_type=\"widget\" data-e-type=\"widget\" data-widget_type=\"divider.default\">\n\t\t\t\t\t\t\t<div class=\"elementor-divider\">\n\t\t\t<span class=\"elementor-divider-separator\">\n\t\t\t\t\t\t<\/span>\n\t\t<\/div>\n\t\t\t\t\t\t<\/div>\n\t\t\t\t<div class=\"elementor-element elementor-element-a6c8260 elementor-widget elementor-widget-text-editor\" data-id=\"a6c8260\" data-element_type=\"widget\" data-e-type=\"widget\" data-widget_type=\"text-editor.default\">\n\t\t\t\t\t\t\t\t\t<p>Encontrar\u00e1s un lugar seguro y privado, donde sentirte escucho\/a y comprendido\/a, un espacio acogedor y agradable donde podemos trabajar juntos. Es por ello que el consultorio combina tranquilidad y funcionalidad, un ambiente \u00f3ptimo para la reflexi\u00f3n y el crecimiento personal.<\/p>\t\t\t\t\t\t\t\t<\/div>\n\t\t\t\t<\/div>\n\t\t\t\t\t<\/div>\n\t\t\t\t<\/div>\n\t\t\t\t<\/div>\n\t\t","protected":false},"excerpt":{"rendered":"<p>Me puedes encontrar en La historia detr\u00e1s de mi consulta Soy Pedro Garau, psic\u00f3logo en Palma de Mallorca (Colegiado B-03701), y estoy aqu\u00ed para acompa\u00f1arte en los momentos en los que m\u00e1s lo necesitas. Mi manera de trabajar se basa en la cercan\u00eda, la confianza y la comprensi\u00f3n, siempre adapt\u00e1ndome a tu situaci\u00f3n personal. Mi [&hellip;]<\/p>\n","protected":false},"author":2,"featured_media":0,"parent":0,"menu_order":0,"comment_status":"closed","ping_status":"closed","template":"","meta":{"footnotes":""},"class_list":["post-212","page","type-page","status-publish","hentry"],"_links":{"self":[{"href":"https:\/\/pedrogaraupsicologia.com\/ca\/wp-json\/wp\/v2\/pages\/212","targetHints":{"allow":["GET"]}}],"collection":[{"href":"https:\/\/pedrogaraupsicologia.com\/ca\/wp-json\/wp\/v2\/pages"}],"about":[{"href":"https:\/\/pedrogaraupsicologia.com\/ca\/wp-json\/wp\/v2\/types\/page"}],"author":[{"embeddable":true,"href":"https:\/\/pedrogaraupsicologia.com\/ca\/wp-json\/wp\/v2\/users\/2"}],"replies":[{"embeddable":true,"href":"https:\/\/pedrogaraupsicologia.com\/ca\/wp-json\/wp\/v2\/comments?post=212"}],"version-history":[{"count":178,"href":"https:\/\/pedrogaraupsicologia.com\/ca\/wp-json\/wp\/v2\/pages\/212\/revisions"}],"predecessor-version":[{"id":1494,"href":"https:\/\/pedrogaraupsicologia.com\/ca\/wp-json\/wp\/v2\/pages\/212\/revisions\/1494"}],"wp:attachment":[{"href":"https:\/\/pedrogaraupsicologia.com\/ca\/wp-json\/wp\/v2\/media?parent=212"}],"curies":[{"name":"wp","href":"https:\/\/api.w.org\/{rel}","templated":true}]}}