{"id":1509,"date":"2026-02-12T07:34:22","date_gmt":"2026-02-12T07:34:22","guid":{"rendered":"https:\/\/pedrogaraupsicologia.com\/?page_id=1509"},"modified":"2026-02-12T08:53:29","modified_gmt":"2026-02-12T08:53:29","slug":"blog","status":"publish","type":"page","link":"https:\/\/pedrogaraupsicologia.com\/ca\/blog\/","title":{"rendered":"Blog"},"content":{"rendered":"<div data-elementor-type=\"wp-page\" data-elementor-id=\"1509\" class=\"elementor elementor-1509\" data-elementor-post-type=\"page\">\n\t\t\t\t<div class=\"elementor-element elementor-element-25aa9a05 e-flex e-con-boxed e-con e-parent\" data-id=\"25aa9a05\" data-element_type=\"container\" data-e-type=\"container\" data-settings=\"{&quot;background_background&quot;:&quot;classic&quot;}\">\n\t\t\t\t\t<div class=\"e-con-inner\">\n\t\t<div class=\"elementor-element elementor-element-6a759a49 e-con-full e-flex e-con e-child\" data-id=\"6a759a49\" data-element_type=\"container\" data-e-type=\"container\">\n\t\t\t\t<div class=\"elementor-element elementor-element-39542681 elementor-widget elementor-widget-heading\" data-id=\"39542681\" data-element_type=\"widget\" data-e-type=\"widget\" data-widget_type=\"heading.default\">\n\t\t\t\t\t<h1 class=\"elementor-heading-title elementor-size-default\">Blog<\/h1>\t\t\t\t<\/div>\n\t\t\t\t<\/div>\n\t\t\t\t\t<\/div>\n\t\t\t\t<\/div>\n\t\t<div class=\"elementor-element elementor-element-6330e7f e-flex e-con-boxed e-con e-parent\" data-id=\"6330e7f\" data-element_type=\"container\" data-e-type=\"container\">\n\t\t\t\t\t<div class=\"e-con-inner\">\n\t\t\t\t<div class=\"elementor-element elementor-element-31f8f7d elementor-grid-3 elementor-grid-tablet-2 elementor-grid-mobile-1 elementor-posts--thumbnail-top elementor-widget elementor-widget-posts\" data-id=\"31f8f7d\" data-element_type=\"widget\" data-e-type=\"widget\" data-settings=\"{&quot;classic_columns&quot;:&quot;3&quot;,&quot;classic_columns_tablet&quot;:&quot;2&quot;,&quot;classic_columns_mobile&quot;:&quot;1&quot;,&quot;classic_row_gap&quot;:{&quot;unit&quot;:&quot;px&quot;,&quot;size&quot;:35,&quot;sizes&quot;:[]},&quot;classic_row_gap_laptop&quot;:{&quot;unit&quot;:&quot;px&quot;,&quot;size&quot;:&quot;&quot;,&quot;sizes&quot;:[]},&quot;classic_row_gap_tablet&quot;:{&quot;unit&quot;:&quot;px&quot;,&quot;size&quot;:&quot;&quot;,&quot;sizes&quot;:[]},&quot;classic_row_gap_mobile&quot;:{&quot;unit&quot;:&quot;px&quot;,&quot;size&quot;:&quot;&quot;,&quot;sizes&quot;:[]}}\" data-widget_type=\"posts.classic\">\n\t\t\t\t<div class=\"elementor-widget-container\">\n\t\t\t\t\t\t\t<div class=\"elementor-posts-container elementor-posts elementor-posts--skin-classic elementor-grid\" role=\"list\">\n\t\t\t\t<article class=\"elementor-post elementor-grid-item post-1550 post type-post status-publish format-standard has-post-thumbnail hentry category-uncategorized\" role=\"listitem\">\n\t\t\t\t<a class=\"elementor-post__thumbnail__link\" href=\"https:\/\/pedrogaraupsicologia.com\/ca\/terapia-familiar-mejorar-la-comunicacion-y-los-vinculos-emocionales\/\" tabindex=\"-1\" >\n\t\t\t<div class=\"elementor-post__thumbnail\"><img fetchpriority=\"high\" decoding=\"async\" width=\"300\" height=\"200\" src=\"https:\/\/pedrogaraupsicologia.com\/wp-content\/uploads\/2026\/02\/close-up-people-holding-hands-300x200.jpg\" class=\"attachment-medium size-medium wp-image-1551\" alt=\"\" srcset=\"https:\/\/pedrogaraupsicologia.com\/wp-content\/uploads\/2026\/02\/close-up-people-holding-hands-300x200.jpg 300w, https:\/\/pedrogaraupsicologia.com\/wp-content\/uploads\/2026\/02\/close-up-people-holding-hands-1024x683.jpg 1024w, https:\/\/pedrogaraupsicologia.com\/wp-content\/uploads\/2026\/02\/close-up-people-holding-hands-768x512.jpg 768w, https:\/\/pedrogaraupsicologia.com\/wp-content\/uploads\/2026\/02\/close-up-people-holding-hands-1536x1024.jpg 1536w, https:\/\/pedrogaraupsicologia.com\/wp-content\/uploads\/2026\/02\/close-up-people-holding-hands-2048x1365.jpg 2048w, https:\/\/pedrogaraupsicologia.com\/wp-content\/uploads\/2026\/02\/close-up-people-holding-hands-18x12.jpg 18w\" sizes=\"(max-width: 300px) 100vw, 300px\" \/><\/div>\n\t\t<\/a>\n\t\t\t\t<div class=\"elementor-post__text\">\n\t\t\t\t<span class=\"elementor-post__title\">\n\t\t\t<a href=\"https:\/\/pedrogaraupsicologia.com\/ca\/terapia-familiar-mejorar-la-comunicacion-y-los-vinculos-emocionales\/\" >\n\t\t\t\tTerapia familiar: mejorar la comunicaci\u00f3n y los v\u00ednculos emocionales\t\t\t<\/a>\n\t\t<\/span>\n\t\t\t\t<div class=\"elementor-post__excerpt\">\n\t\t\t<p>La familia es el primer espacio relacional que conocemos. En ella aprendemos a comunicarnos, a expresar emociones y a vincularnos<\/p>\n\t\t<\/div>\n\t\t\n\t\t<a class=\"elementor-post__read-more\" href=\"https:\/\/pedrogaraupsicologia.com\/ca\/terapia-familiar-mejorar-la-comunicacion-y-los-vinculos-emocionales\/\" aria-label=\"Read more about Terapia familiar: mejorar la comunicaci\u00f3n y los v\u00ednculos emocionales\" tabindex=\"-1\" >\n\t\t\tLeer m\u00e1s \u00bb\t\t<\/a>\n\n\t\t\t\t<\/div>\n\t\t\t\t<\/article>\n\t\t\t\t<article class=\"elementor-post elementor-grid-item post-1547 post type-post status-publish format-standard hentry category-uncategorized\" role=\"listitem\">\n\t\t\t\t<div class=\"elementor-post__text\">\n\t\t\t\t<span class=\"elementor-post__title\">\n\t\t\t<a href=\"https:\/\/pedrogaraupsicologia.com\/ca\/terapia-de-pareja-cuando-acudir-antes-de-que-el-conflicto-se-cronifique\/\" >\n\t\t\t\tTerapia de pareja: cu\u00e1ndo acudir antes de que el conflicto se cronifique\t\t\t<\/a>\n\t\t<\/span>\n\t\t\t\t<div class=\"elementor-post__excerpt\">\n\t\t\t<p>Las dificultades en la pareja no aparecen de un d\u00eda para otro. En la mayor\u00eda de los casos, el conflicto<\/p>\n\t\t<\/div>\n\t\t\n\t\t<a class=\"elementor-post__read-more\" href=\"https:\/\/pedrogaraupsicologia.com\/ca\/terapia-de-pareja-cuando-acudir-antes-de-que-el-conflicto-se-cronifique\/\" aria-label=\"Read more about Terapia de pareja: cu\u00e1ndo acudir antes de que el conflicto se cronifique\" tabindex=\"-1\" >\n\t\t\tLeer m\u00e1s \u00bb\t\t<\/a>\n\n\t\t\t\t<\/div>\n\t\t\t\t<\/article>\n\t\t\t\t<article class=\"elementor-post elementor-grid-item post-1544 post type-post status-publish format-standard has-post-thumbnail hentry category-uncategorized\" role=\"listitem\">\n\t\t\t\t<a class=\"elementor-post__thumbnail__link\" href=\"https:\/\/pedrogaraupsicologia.com\/ca\/trauma-agudo-que-ocurre-tras-una-experiencia-impactante\/\" tabindex=\"-1\" >\n\t\t\t<div class=\"elementor-post__thumbnail\"><img decoding=\"async\" width=\"300\" height=\"200\" src=\"https:\/\/pedrogaraupsicologia.com\/wp-content\/uploads\/2026\/02\/feels-tired-sportive-young-woman-have-fitness-day-gym-morning-time-300x200.jpg\" class=\"attachment-medium size-medium wp-image-1545\" alt=\"\" srcset=\"https:\/\/pedrogaraupsicologia.com\/wp-content\/uploads\/2026\/02\/feels-tired-sportive-young-woman-have-fitness-day-gym-morning-time-300x200.jpg 300w, https:\/\/pedrogaraupsicologia.com\/wp-content\/uploads\/2026\/02\/feels-tired-sportive-young-woman-have-fitness-day-gym-morning-time-1024x684.jpg 1024w, https:\/\/pedrogaraupsicologia.com\/wp-content\/uploads\/2026\/02\/feels-tired-sportive-young-woman-have-fitness-day-gym-morning-time-768x513.jpg 768w, https:\/\/pedrogaraupsicologia.com\/wp-content\/uploads\/2026\/02\/feels-tired-sportive-young-woman-have-fitness-day-gym-morning-time-1536x1025.jpg 1536w, https:\/\/pedrogaraupsicologia.com\/wp-content\/uploads\/2026\/02\/feels-tired-sportive-young-woman-have-fitness-day-gym-morning-time-2048x1367.jpg 2048w, https:\/\/pedrogaraupsicologia.com\/wp-content\/uploads\/2026\/02\/feels-tired-sportive-young-woman-have-fitness-day-gym-morning-time-18x12.jpg 18w\" sizes=\"(max-width: 300px) 100vw, 300px\" \/><\/div>\n\t\t<\/a>\n\t\t\t\t<div class=\"elementor-post__text\">\n\t\t\t\t<span class=\"elementor-post__title\">\n\t\t\t<a href=\"https:\/\/pedrogaraupsicologia.com\/ca\/trauma-agudo-que-ocurre-tras-una-experiencia-impactante\/\" >\n\t\t\t\tTrauma agudo: qu\u00e9 ocurre tras una experiencia impactante\t\t\t<\/a>\n\t\t<\/span>\n\t\t\t\t<div class=\"elementor-post__excerpt\">\n\t\t\t<p>El trauma agudo aparece tras una experiencia que desborda la capacidad de afrontamiento de la persona. Aunque en muchos casos<\/p>\n\t\t<\/div>\n\t\t\n\t\t<a class=\"elementor-post__read-more\" href=\"https:\/\/pedrogaraupsicologia.com\/ca\/trauma-agudo-que-ocurre-tras-una-experiencia-impactante\/\" aria-label=\"Read more about Trauma agudo: qu\u00e9 ocurre tras una experiencia impactante\" tabindex=\"-1\" >\n\t\t\tLeer m\u00e1s \u00bb\t\t<\/a>\n\n\t\t\t\t<\/div>\n\t\t\t\t<\/article>\n\t\t\t\t<article class=\"elementor-post elementor-grid-item post-1540 post type-post status-publish format-standard has-post-thumbnail hentry category-uncategorized\" role=\"listitem\">\n\t\t\t\t<a class=\"elementor-post__thumbnail__link\" href=\"https:\/\/pedrogaraupsicologia.com\/ca\/terapia-individual-en-que-consiste-y-cuando-es-recomendable\/\" tabindex=\"-1\" >\n\t\t\t<div class=\"elementor-post__thumbnail\"><img decoding=\"async\" width=\"300\" height=\"200\" src=\"https:\/\/pedrogaraupsicologia.com\/wp-content\/uploads\/2026\/02\/man-hands-listening-therapy-sofa-advice-from-woman-mental-health-psychology-care-psychiatrist-patient-frustrated-clinic-session-couch-help-anxiety-depression-300x200.jpg\" class=\"attachment-medium size-medium wp-image-1542\" alt=\"\" srcset=\"https:\/\/pedrogaraupsicologia.com\/wp-content\/uploads\/2026\/02\/man-hands-listening-therapy-sofa-advice-from-woman-mental-health-psychology-care-psychiatrist-patient-frustrated-clinic-session-couch-help-anxiety-depression-300x200.jpg 300w, https:\/\/pedrogaraupsicologia.com\/wp-content\/uploads\/2026\/02\/man-hands-listening-therapy-sofa-advice-from-woman-mental-health-psychology-care-psychiatrist-patient-frustrated-clinic-session-couch-help-anxiety-depression-1024x683.jpg 1024w, https:\/\/pedrogaraupsicologia.com\/wp-content\/uploads\/2026\/02\/man-hands-listening-therapy-sofa-advice-from-woman-mental-health-psychology-care-psychiatrist-patient-frustrated-clinic-session-couch-help-anxiety-depression-768x512.jpg 768w, https:\/\/pedrogaraupsicologia.com\/wp-content\/uploads\/2026\/02\/man-hands-listening-therapy-sofa-advice-from-woman-mental-health-psychology-care-psychiatrist-patient-frustrated-clinic-session-couch-help-anxiety-depression-1536x1025.jpg 1536w, https:\/\/pedrogaraupsicologia.com\/wp-content\/uploads\/2026\/02\/man-hands-listening-therapy-sofa-advice-from-woman-mental-health-psychology-care-psychiatrist-patient-frustrated-clinic-session-couch-help-anxiety-depression-2048x1366.jpg 2048w, https:\/\/pedrogaraupsicologia.com\/wp-content\/uploads\/2026\/02\/man-hands-listening-therapy-sofa-advice-from-woman-mental-health-psychology-care-psychiatrist-patient-frustrated-clinic-session-couch-help-anxiety-depression-18x12.jpg 18w\" sizes=\"(max-width: 300px) 100vw, 300px\" \/><\/div>\n\t\t<\/a>\n\t\t\t\t<div class=\"elementor-post__text\">\n\t\t\t\t<span class=\"elementor-post__title\">\n\t\t\t<a href=\"https:\/\/pedrogaraupsicologia.com\/ca\/terapia-individual-en-que-consiste-y-cuando-es-recomendable\/\" >\n\t\t\t\tTerapia individual: en qu\u00e9 consiste y cu\u00e1ndo es recomendable\t\t\t<\/a>\n\t\t<\/span>\n\t\t\t\t<div class=\"elementor-post__excerpt\">\n\t\t\t<p>La terapia individual es un espacio de acompa\u00f1amiento psicol\u00f3gico dise\u00f1ado para comprender el malestar emocional, abordar dificultades personales y promover<\/p>\n\t\t<\/div>\n\t\t\n\t\t<a class=\"elementor-post__read-more\" href=\"https:\/\/pedrogaraupsicologia.com\/ca\/terapia-individual-en-que-consiste-y-cuando-es-recomendable\/\" aria-label=\"Read more about Terapia individual: en qu\u00e9 consiste y cu\u00e1ndo es recomendable\" tabindex=\"-1\" >\n\t\t\tLeer m\u00e1s \u00bb\t\t<\/a>\n\n\t\t\t\t<\/div>\n\t\t\t\t<\/article>\n\t\t\t\t<article class=\"elementor-post elementor-grid-item post-1537 post type-post status-publish format-standard has-post-thumbnail hentry category-uncategorized\" role=\"listitem\">\n\t\t\t\t<a class=\"elementor-post__thumbnail__link\" href=\"https:\/\/pedrogaraupsicologia.com\/ca\/burnout-el-agotamiento-emocional-que-va-mas-alla-del-estres\/\" tabindex=\"-1\" >\n\t\t\t<div class=\"elementor-post__thumbnail\"><img loading=\"lazy\" decoding=\"async\" width=\"300\" height=\"200\" src=\"https:\/\/pedrogaraupsicologia.com\/wp-content\/uploads\/2026\/02\/overhead-shot-frustrated-female-freelancer-sitting-near-gadgets-table-home-300x200.jpg\" class=\"attachment-medium size-medium wp-image-1538\" alt=\"\" srcset=\"https:\/\/pedrogaraupsicologia.com\/wp-content\/uploads\/2026\/02\/overhead-shot-frustrated-female-freelancer-sitting-near-gadgets-table-home-300x200.jpg 300w, https:\/\/pedrogaraupsicologia.com\/wp-content\/uploads\/2026\/02\/overhead-shot-frustrated-female-freelancer-sitting-near-gadgets-table-home-1024x683.jpg 1024w, https:\/\/pedrogaraupsicologia.com\/wp-content\/uploads\/2026\/02\/overhead-shot-frustrated-female-freelancer-sitting-near-gadgets-table-home-768x512.jpg 768w, https:\/\/pedrogaraupsicologia.com\/wp-content\/uploads\/2026\/02\/overhead-shot-frustrated-female-freelancer-sitting-near-gadgets-table-home-1536x1024.jpg 1536w, https:\/\/pedrogaraupsicologia.com\/wp-content\/uploads\/2026\/02\/overhead-shot-frustrated-female-freelancer-sitting-near-gadgets-table-home-2048x1365.jpg 2048w, https:\/\/pedrogaraupsicologia.com\/wp-content\/uploads\/2026\/02\/overhead-shot-frustrated-female-freelancer-sitting-near-gadgets-table-home-18x12.jpg 18w\" sizes=\"(max-width: 300px) 100vw, 300px\" \/><\/div>\n\t\t<\/a>\n\t\t\t\t<div class=\"elementor-post__text\">\n\t\t\t\t<span class=\"elementor-post__title\">\n\t\t\t<a href=\"https:\/\/pedrogaraupsicologia.com\/ca\/burnout-el-agotamiento-emocional-que-va-mas-alla-del-estres\/\" >\n\t\t\t\tBurnout: el agotamiento emocional que va m\u00e1s all\u00e1 del estr\u00e9s\t\t\t<\/a>\n\t\t<\/span>\n\t\t\t\t<div class=\"elementor-post__excerpt\">\n\t\t\t<p>El burnout no es solo cansancio. Es un estado de agotamiento profundo que afecta a nivel emocional, mental y f\u00edsico,<\/p>\n\t\t<\/div>\n\t\t\n\t\t<a class=\"elementor-post__read-more\" href=\"https:\/\/pedrogaraupsicologia.com\/ca\/burnout-el-agotamiento-emocional-que-va-mas-alla-del-estres\/\" aria-label=\"Read more about Burnout: el agotamiento emocional que va m\u00e1s all\u00e1 del estr\u00e9s\" tabindex=\"-1\" >\n\t\t\tLeer m\u00e1s \u00bb\t\t<\/a>\n\n\t\t\t\t<\/div>\n\t\t\t\t<\/article>\n\t\t\t\t<article class=\"elementor-post elementor-grid-item post-1534 post type-post status-publish format-standard has-post-thumbnail hentry category-uncategorized\" role=\"listitem\">\n\t\t\t\t<a class=\"elementor-post__thumbnail__link\" href=\"https:\/\/pedrogaraupsicologia.com\/ca\/trauma-relacional-cuando-el-dano-aparece-dentro-de-las-relaciones\/\" tabindex=\"-1\" >\n\t\t\t<div class=\"elementor-post__thumbnail\"><img loading=\"lazy\" decoding=\"async\" width=\"300\" height=\"200\" src=\"https:\/\/pedrogaraupsicologia.com\/wp-content\/uploads\/2026\/02\/high-angle-man-holding-girlfriend-s-hands-300x200.jpg\" class=\"attachment-medium size-medium wp-image-1535\" alt=\"\" srcset=\"https:\/\/pedrogaraupsicologia.com\/wp-content\/uploads\/2026\/02\/high-angle-man-holding-girlfriend-s-hands-300x200.jpg 300w, https:\/\/pedrogaraupsicologia.com\/wp-content\/uploads\/2026\/02\/high-angle-man-holding-girlfriend-s-hands-1024x683.jpg 1024w, https:\/\/pedrogaraupsicologia.com\/wp-content\/uploads\/2026\/02\/high-angle-man-holding-girlfriend-s-hands-768x512.jpg 768w, https:\/\/pedrogaraupsicologia.com\/wp-content\/uploads\/2026\/02\/high-angle-man-holding-girlfriend-s-hands-1536x1024.jpg 1536w, https:\/\/pedrogaraupsicologia.com\/wp-content\/uploads\/2026\/02\/high-angle-man-holding-girlfriend-s-hands-2048x1365.jpg 2048w, https:\/\/pedrogaraupsicologia.com\/wp-content\/uploads\/2026\/02\/high-angle-man-holding-girlfriend-s-hands-18x12.jpg 18w\" sizes=\"(max-width: 300px) 100vw, 300px\" \/><\/div>\n\t\t<\/a>\n\t\t\t\t<div class=\"elementor-post__text\">\n\t\t\t\t<span class=\"elementor-post__title\">\n\t\t\t<a href=\"https:\/\/pedrogaraupsicologia.com\/ca\/trauma-relacional-cuando-el-dano-aparece-dentro-de-las-relaciones\/\" >\n\t\t\t\tTrauma relacional: cuando el da\u00f1o aparece dentro de las relaciones\t\t\t<\/a>\n\t\t<\/span>\n\t\t\t\t<div class=\"elementor-post__excerpt\">\n\t\t\t<p>No todos los traumas tienen su origen en un acontecimiento puntual. En muchos casos, el da\u00f1o emocional se construye de<\/p>\n\t\t<\/div>\n\t\t\n\t\t<a class=\"elementor-post__read-more\" href=\"https:\/\/pedrogaraupsicologia.com\/ca\/trauma-relacional-cuando-el-dano-aparece-dentro-de-las-relaciones\/\" aria-label=\"Read more about Trauma relacional: cuando el da\u00f1o aparece dentro de las relaciones\" tabindex=\"-1\" >\n\t\t\tLeer m\u00e1s \u00bb\t\t<\/a>\n\n\t\t\t\t<\/div>\n\t\t\t\t<\/article>\n\t\t\t\t<\/div>\n\t\t\n\t\t\t\t\t\t<\/div>\n\t\t\t\t<\/div>\n\t\t\t\t\t<\/div>\n\t\t\t\t<\/div>\n\t\t\t\t<\/div>","protected":false},"excerpt":{"rendered":"","protected":false},"author":2,"featured_media":0,"parent":0,"menu_order":0,"comment_status":"closed","ping_status":"closed","template":"","meta":{"footnotes":""},"class_list":["post-1509","page","type-page","status-publish","hentry"],"_links":{"self":[{"href":"https:\/\/pedrogaraupsicologia.com\/ca\/wp-json\/wp\/v2\/pages\/1509","targetHints":{"allow":["GET"]}}],"collection":[{"href":"https:\/\/pedrogaraupsicologia.com\/ca\/wp-json\/wp\/v2\/pages"}],"about":[{"href":"https:\/\/pedrogaraupsicologia.com\/ca\/wp-json\/wp\/v2\/types\/page"}],"author":[{"embeddable":true,"href":"https:\/\/pedrogaraupsicologia.com\/ca\/wp-json\/wp\/v2\/users\/2"}],"replies":[{"embeddable":true,"href":"https:\/\/pedrogaraupsicologia.com\/ca\/wp-json\/wp\/v2\/comments?post=1509"}],"version-history":[{"count":10,"href":"https:\/\/pedrogaraupsicologia.com\/ca\/wp-json\/wp\/v2\/pages\/1509\/revisions"}],"predecessor-version":[{"id":1561,"href":"https:\/\/pedrogaraupsicologia.com\/ca\/wp-json\/wp\/v2\/pages\/1509\/revisions\/1561"}],"wp:attachment":[{"href":"https:\/\/pedrogaraupsicologia.com\/ca\/wp-json\/wp\/v2\/media?parent=1509"}],"curies":[{"name":"wp","href":"https:\/\/api.w.org\/{rel}","templated":true}]}}