{"id":1499,"date":"2026-02-11T15:52:07","date_gmt":"2026-02-11T15:52:07","guid":{"rendered":"https:\/\/pedrogaraupsicologia.com\/?page_id=1499"},"modified":"2026-02-11T15:52:08","modified_gmt":"2026-02-11T15:52:08","slug":"politica-de-privacidad","status":"publish","type":"page","link":"https:\/\/pedrogaraupsicologia.com\/ca\/politica-de-privacidad\/","title":{"rendered":"POL\u00cdTICA DE PRIVACIDAD"},"content":{"rendered":"<h2 class=\"wp-block-heading\">1. Responsable del tratamiento<\/h2>\n\n\n\n<p><strong>Titular:<\/strong> PEDRO JACINTO GARAU P\u00c9REZ<br><strong>DNI:<\/strong> 43122862R<br><strong>Domicilio:<\/strong> C\/ M\u00e9dico Jos\u00e9 Darder 16, 07008 Palma de Mallorca<br><strong>Email:<\/strong> <a>Pedrogarau@sip-psicologia.com<\/a><br><strong>Tel\u00e9fono:<\/strong> 647 928 893<\/p>\n\n\n\n<h2 class=\"wp-block-heading\">2. Finalidad del tratamiento<\/h2>\n\n\n\n<p>Los datos personales recogidos a trav\u00e9s del sitio web ser\u00e1n utilizados para:<\/p>\n\n\n\n<ul class=\"wp-block-list\">\n<li>Gestionar consultas enviadas mediante formularios o correo electr\u00f3nico.<\/li>\n\n\n\n<li>Gestionar citas o solicitudes de informaci\u00f3n profesional.<\/li>\n\n\n\n<li>Enviar comunicaciones informativas cuando el usuario lo autorice.<\/li>\n<\/ul>\n\n\n\n<p>No se realizar\u00e1n decisiones automatizadas ni elaboraci\u00f3n de perfiles.<\/p>\n\n\n\n<h2 class=\"wp-block-heading\">3. Legitimaci\u00f3n<\/h2>\n\n\n\n<p>La base legal para el tratamiento es:<\/p>\n\n\n\n<ul class=\"wp-block-list\">\n<li>El consentimiento del interesado.<\/li>\n\n\n\n<li>La ejecuci\u00f3n de la relaci\u00f3n profesional cuando proceda.<\/li>\n\n\n\n<li>El cumplimiento de obligaciones legales.<\/li>\n<\/ul>\n\n\n\n<h2 class=\"wp-block-heading\">4. Conservaci\u00f3n de datos<\/h2>\n\n\n\n<p>Los datos se conservar\u00e1n durante el tiempo necesario para cumplir con la finalidad para la que fueron recogidos y durante los plazos legalmente establecidos.<\/p>\n\n\n\n<h2 class=\"wp-block-heading\">5. Destinatarios<\/h2>\n\n\n\n<p>No se ceder\u00e1n datos a terceros salvo obligaci\u00f3n legal o cuando sea necesario para la prestaci\u00f3n del servicio (por ejemplo, proveedores tecnol\u00f3gicos que act\u00faan como encargados del tratamiento).<\/p>\n\n\n\n<h2 class=\"wp-block-heading\">6. Derechos del interesado<\/h2>\n\n\n\n<p>El usuario puede ejercer los siguientes derechos:<\/p>\n\n\n\n<ul class=\"wp-block-list\">\n<li>Acceso<\/li>\n\n\n\n<li>Rectificaci\u00f3n<\/li>\n\n\n\n<li>Supresi\u00f3n<\/li>\n\n\n\n<li>Limitaci\u00f3n del tratamiento<\/li>\n\n\n\n<li>Oposici\u00f3n<\/li>\n\n\n\n<li>Portabilidad<\/li>\n<\/ul>\n\n\n\n<p>Puede ejercerlos enviando un correo a: <a>Pedrogarau@sip-psicologia.com<\/a><\/p>\n\n\n\n<p>Asimismo, puede presentar reclamaci\u00f3n ante la Agencia Espa\u00f1ola de Protecci\u00f3n de Datos (<a href=\"http:\/\/www.aepd.es\" target=\"_blank\" rel=\"noopener\">www.aepd.es<\/a>).<\/p>","protected":false},"excerpt":{"rendered":"<p>1. Responsable del tratamiento Titular: PEDRO JACINTO GARAU P\u00c9REZDNI: 43122862RDomicilio: C\/ M\u00e9dico Jos\u00e9 Darder 16, 07008 Palma de MallorcaEmail: Pedrogarau@sip-psicologia.comTel\u00e9fono: 647 928 893 2. Finalidad del tratamiento Los datos personales recogidos a trav\u00e9s del sitio web ser\u00e1n utilizados para: No se realizar\u00e1n decisiones automatizadas ni elaboraci\u00f3n de perfiles. 3. Legitimaci\u00f3n La base legal para el [&hellip;]<\/p>\n","protected":false},"author":2,"featured_media":0,"parent":0,"menu_order":0,"comment_status":"closed","ping_status":"closed","template":"","meta":{"footnotes":""},"class_list":["post-1499","page","type-page","status-publish","hentry"],"_links":{"self":[{"href":"https:\/\/pedrogaraupsicologia.com\/ca\/wp-json\/wp\/v2\/pages\/1499","targetHints":{"allow":["GET"]}}],"collection":[{"href":"https:\/\/pedrogaraupsicologia.com\/ca\/wp-json\/wp\/v2\/pages"}],"about":[{"href":"https:\/\/pedrogaraupsicologia.com\/ca\/wp-json\/wp\/v2\/types\/page"}],"author":[{"embeddable":true,"href":"https:\/\/pedrogaraupsicologia.com\/ca\/wp-json\/wp\/v2\/users\/2"}],"replies":[{"embeddable":true,"href":"https:\/\/pedrogaraupsicologia.com\/ca\/wp-json\/wp\/v2\/comments?post=1499"}],"version-history":[{"count":1,"href":"https:\/\/pedrogaraupsicologia.com\/ca\/wp-json\/wp\/v2\/pages\/1499\/revisions"}],"predecessor-version":[{"id":1500,"href":"https:\/\/pedrogaraupsicologia.com\/ca\/wp-json\/wp\/v2\/pages\/1499\/revisions\/1500"}],"wp:attachment":[{"href":"https:\/\/pedrogaraupsicologia.com\/ca\/wp-json\/wp\/v2\/media?parent=1499"}],"curies":[{"name":"wp","href":"https:\/\/api.w.org\/{rel}","templated":true}]}}