{"id":1497,"date":"2026-02-11T15:51:08","date_gmt":"2026-02-11T15:51:08","guid":{"rendered":"https:\/\/pedrogaraupsicologia.com\/?page_id=1497"},"modified":"2026-02-11T15:51:10","modified_gmt":"2026-02-11T15:51:10","slug":"aviso-legal","status":"publish","type":"page","link":"https:\/\/pedrogaraupsicologia.com\/ca\/aviso-legal\/","title":{"rendered":"Aviso Legal"},"content":{"rendered":"<h2 class=\"wp-block-heading\">1. Datos identificativos<\/h2>\n\n\n\n<p>En cumplimiento con el deber de informaci\u00f3n recogido en el art\u00edculo 10 de la Ley 34\/2002, de Servicios de la Sociedad de la Informaci\u00f3n y Comercio Electr\u00f3nico (LSSI-CE), se informa que el titular del sitio web <a href=\"https:\/\/pedrogaraupsicologia.com\/ca\/\">https:\/\/pedrogaraupsicologia.com\/<\/a> es:<\/p>\n\n\n\n<p><strong>Titular:<\/strong> PEDRO JACINTO GARAU P\u00c9REZ<br><strong>DNI:<\/strong> 43122862R<br><strong>Domicilio:<\/strong> C\/ M\u00e9dico Jos\u00e9 Darder 16, 07008 Palma de Mallorca<br><strong>Tel\u00e9fono:<\/strong> 647 928 893<br><strong>Correo electr\u00f3nico:<\/strong> <a>Pedrogarau@sip-psicologia.com<\/a><\/p>\n\n\n\n<h2 class=\"wp-block-heading\">2. Objeto<\/h2>\n\n\n\n<p>El presente Aviso Legal regula el acceso y uso del sitio web. El acceso al mismo implica la aceptaci\u00f3n de las condiciones aqu\u00ed establecidas.<\/p>\n\n\n\n<h2 class=\"wp-block-heading\">3. Condiciones de uso<\/h2>\n\n\n\n<p>El usuario se compromete a hacer un uso adecuado de los contenidos y servicios ofrecidos, absteni\u00e9ndose de utilizarlos para:<\/p>\n\n\n\n<ul class=\"wp-block-list\">\n<li>Realizar actividades il\u00edcitas o contrarias a la buena fe.<\/li>\n\n\n\n<li>Difundir contenidos ofensivos, ilegales o que vulneren derechos fundamentales.<\/li>\n\n\n\n<li>Introducir virus o sistemas que puedan da\u00f1ar la web o a terceros.<\/li>\n<\/ul>\n\n\n\n<h2 class=\"wp-block-heading\">4. Propiedad intelectual e industrial<\/h2>\n\n\n\n<p>Todos los contenidos del sitio web (textos, im\u00e1genes, logotipos, dise\u00f1o, estructura, etc.) son propiedad del titular o cuentan con licencia de uso, estando protegidos por la normativa vigente en materia de propiedad intelectual e industrial.<\/p>\n\n\n\n<p>Queda prohibida su reproducci\u00f3n total o parcial sin autorizaci\u00f3n expresa.<\/p>\n\n\n\n<h2 class=\"wp-block-heading\">5. Responsabilidad<\/h2>\n\n\n\n<p>El titular no se responsabiliza de los da\u00f1os derivados del uso indebido del sitio web ni de posibles errores t\u00e9cnicos o interrupciones del servicio.<\/p>\n\n\n\n<h2 class=\"wp-block-heading\">6. Legislaci\u00f3n aplicable<\/h2>\n\n\n\n<p>La relaci\u00f3n entre el titular y el usuario se regir\u00e1 por la normativa espa\u00f1ola vigente. Cualquier controversia se someter\u00e1 a los juzgados y tribunales de Palma de Mallorca.<\/p>","protected":false},"excerpt":{"rendered":"<p>1. Datos identificativos En cumplimiento con el deber de informaci\u00f3n recogido en el art\u00edculo 10 de la Ley 34\/2002, de Servicios de la Sociedad de la Informaci\u00f3n y Comercio Electr\u00f3nico (LSSI-CE), se informa que el titular del sitio web https:\/\/pedrogaraupsicologia.com\/ es: Titular: PEDRO JACINTO GARAU P\u00c9REZDNI: 43122862RDomicilio: C\/ M\u00e9dico Jos\u00e9 Darder 16, 07008 Palma de [&hellip;]<\/p>\n","protected":false},"author":2,"featured_media":0,"parent":0,"menu_order":0,"comment_status":"closed","ping_status":"closed","template":"","meta":{"footnotes":""},"class_list":["post-1497","page","type-page","status-publish","hentry"],"_links":{"self":[{"href":"https:\/\/pedrogaraupsicologia.com\/ca\/wp-json\/wp\/v2\/pages\/1497","targetHints":{"allow":["GET"]}}],"collection":[{"href":"https:\/\/pedrogaraupsicologia.com\/ca\/wp-json\/wp\/v2\/pages"}],"about":[{"href":"https:\/\/pedrogaraupsicologia.com\/ca\/wp-json\/wp\/v2\/types\/page"}],"author":[{"embeddable":true,"href":"https:\/\/pedrogaraupsicologia.com\/ca\/wp-json\/wp\/v2\/users\/2"}],"replies":[{"embeddable":true,"href":"https:\/\/pedrogaraupsicologia.com\/ca\/wp-json\/wp\/v2\/comments?post=1497"}],"version-history":[{"count":1,"href":"https:\/\/pedrogaraupsicologia.com\/ca\/wp-json\/wp\/v2\/pages\/1497\/revisions"}],"predecessor-version":[{"id":1498,"href":"https:\/\/pedrogaraupsicologia.com\/ca\/wp-json\/wp\/v2\/pages\/1497\/revisions\/1498"}],"wp:attachment":[{"href":"https:\/\/pedrogaraupsicologia.com\/ca\/wp-json\/wp\/v2\/media?parent=1497"}],"curies":[{"name":"wp","href":"https:\/\/api.w.org\/{rel}","templated":true}]}}